{"id":61,"date":"2014-08-04T16:11:09","date_gmt":"2014-08-04T14:11:09","guid":{"rendered":"http:\/\/schlagzeughaus.ch\/wordpress\/?page_id=61"},"modified":"2014-08-04T16:20:14","modified_gmt":"2014-08-04T14:20:14","slug":"kesselpauken","status":"publish","type":"page","link":"https:\/\/schlagzeughaus.ch\/?page_id=61","title":{"rendered":"Kesselpauken"},"content":{"rendered":"<p style=\"color: #000000;\">Die Pauke ist uralter, asiatischer Herkunft. Urspr\u00fcnglich wird der Kessel aus Ton und sp\u00e4ter aus Holz gewesen sein. In den europ\u00e4ischen Bereich &#8211; zuerst in Spanien und S\u00fcditalien &#8211; fanden w\u00e4hrend der Kreuzz\u00fcge bis zum 13. Jahrhundert sehr kleine Pauken arabischer Herkunft Eingang. Die ersten Grossen Pauken vom heutigen abendl\u00e4ndischen Typus gelangten um die Mitte des 15. Jahrhunderts \u00fcber Ungarn und Polen nach dem europ\u00e4ischen Westen. Mit den Trompeten in enger Verbindung festigte sich ihr Platz bei den Hofhaltungen im Musikleben der Renaissance. Sie behaupteten sich seither in steigendem Masse als das dominierende Fellmembran-Instrument und erreichten im grossen Orchester der klassischen und romantischen Periode einen H\u00f6hepunkt der Auswertung ihrer spieltechnischen Verwendungsm\u00f6glichkeiten.<\/p>\n<p style=\"color: #000000;\">Die moderne Pauke besteht aus einem nach oben ge\u00f6ffneten und mit einem Fell bespannten Kessel aus Kupfer oder Fiberglas. Die Typisierung der Pauken wird nach dem System der Stimmvorrichtung vorgenommen. Man unterscheidet vier Grundtypen: die Schraubenpauke (16. Jahrhundert), die Hebelmaschinenpauke (1812), die Drehkesselpauke (1821) und die Pedalmaschinenpauke (1872).<\/p>\n<p style=\"color: #000000;\">Quelle: Handbuch des Schlagzeugs von Karl Peinkofer und Fritz Tannigel<\/p>\n","protected":false},"excerpt":{"rendered":"<p>Die Pauke ist uralter, asiatischer Herkunft. Urspr\u00fcnglich wird der Kessel aus Ton und sp\u00e4ter aus Holz gewesen sein. In den europ\u00e4ischen Bereich &#8211; zuerst in Spanien und S\u00fcditalien &#8211; fanden w\u00e4hrend der Kreuzz\u00fcge bis zum 13. Jahrhundert sehr kleine Pauken arabischer Herkunft Eingang. Die ersten Grossen Pauken vom heutigen abendl\u00e4ndischen Typus gelangten um die Mitte [&hellip;]<\/p>\n","protected":false},"author":1,"featured_media":0,"parent":73,"menu_order":50,"comment_status":"closed","ping_status":"closed","template":"","meta":{"ngg_post_thumbnail":0,"footnotes":""},"class_list":["post-61","page","type-page","status-publish","hentry"],"_links":{"self":[{"href":"https:\/\/schlagzeughaus.ch\/index.php?rest_route=\/wp\/v2\/pages\/61","targetHints":{"allow":["GET"]}}],"collection":[{"href":"https:\/\/schlagzeughaus.ch\/index.php?rest_route=\/wp\/v2\/pages"}],"about":[{"href":"https:\/\/schlagzeughaus.ch\/index.php?rest_route=\/wp\/v2\/types\/page"}],"author":[{"embeddable":true,"href":"https:\/\/schlagzeughaus.ch\/index.php?rest_route=\/wp\/v2\/users\/1"}],"replies":[{"embeddable":true,"href":"https:\/\/schlagzeughaus.ch\/index.php?rest_route=%2Fwp%2Fv2%2Fcomments&post=61"}],"version-history":[{"count":1,"href":"https:\/\/schlagzeughaus.ch\/index.php?rest_route=\/wp\/v2\/pages\/61\/revisions"}],"predecessor-version":[{"id":62,"href":"https:\/\/schlagzeughaus.ch\/index.php?rest_route=\/wp\/v2\/pages\/61\/revisions\/62"}],"up":[{"embeddable":true,"href":"https:\/\/schlagzeughaus.ch\/index.php?rest_route=\/wp\/v2\/pages\/73"}],"wp:attachment":[{"href":"https:\/\/schlagzeughaus.ch\/index.php?rest_route=%2Fwp%2Fv2%2Fmedia&parent=61"}],"curies":[{"name":"wp","href":"https:\/\/api.w.org\/{rel}","templated":true}]}}