{"id":57,"date":"2014-08-04T16:07:57","date_gmt":"2014-08-04T14:07:57","guid":{"rendered":"http:\/\/schlagzeughaus.ch\/wordpress\/?page_id=57"},"modified":"2014-08-04T16:19:06","modified_gmt":"2014-08-04T14:19:06","slug":"vibraphon","status":"publish","type":"page","link":"https:\/\/schlagzeughaus.ch\/?page_id=57","title":{"rendered":"Vibraphon"},"content":{"rendered":"<p style=\"color: #000000;\">Das Vibraphon wurde 1916 in Amerika entwickelt. Urspr\u00fcnglich waren die Anschlagplatten aus Bronze oder Stahl. Heute werden sie aus einer Aluminiumlegierung hergestellt und sind &#8211; wie beim Mrimbaphon &#8211; klaviaturm\u00e4ssig angeordnet. Ein Pedal erm\u00f6glicht die Abd\u00e4mpfung durch Andr\u00fccken einer filzgepolsterten Schiene an die Enden der Plattenreihen. Durch einen kleinen Elektromotor werden runde Metallscheiben am oberen Ende jeder einzelnen Resonanzr\u00f6hre in Bewegung gebracht. Die dadurch bewegte Luft bewirkt den f\u00fcr das Vibraphon typisch vibrierenden Ton nach dem Anschlag der Platten.<\/p>\n<p style=\"color: #000000;\">Dieses Vibrato kann durch Regulierung der Drehgeschwindigkeit der Metallscheiben langsamer oder auch schneller sein. Nat\u00fcrlich ist es auch m\u00f6glich ohne Vibrato zu spielen und den Motor auszuschalten.<\/p>\n<p style=\"color: #000000;\">Quelle: Handbuch des Schlagzeugs von Karl Peinkofer und Fritz Tannigel<\/p>\n","protected":false},"excerpt":{"rendered":"<p>Das Vibraphon wurde 1916 in Amerika entwickelt. Urspr\u00fcnglich waren die Anschlagplatten aus Bronze oder Stahl. Heute werden sie aus einer Aluminiumlegierung hergestellt und sind &#8211; wie beim Mrimbaphon &#8211; klaviaturm\u00e4ssig angeordnet. Ein Pedal erm\u00f6glicht die Abd\u00e4mpfung durch Andr\u00fccken einer filzgepolsterten Schiene an die Enden der Plattenreihen. Durch einen kleinen Elektromotor werden runde Metallscheiben am oberen [&hellip;]<\/p>\n","protected":false},"author":1,"featured_media":0,"parent":73,"menu_order":30,"comment_status":"closed","ping_status":"closed","template":"","meta":{"ngg_post_thumbnail":0,"footnotes":""},"class_list":["post-57","page","type-page","status-publish","hentry"],"_links":{"self":[{"href":"https:\/\/schlagzeughaus.ch\/index.php?rest_route=\/wp\/v2\/pages\/57","targetHints":{"allow":["GET"]}}],"collection":[{"href":"https:\/\/schlagzeughaus.ch\/index.php?rest_route=\/wp\/v2\/pages"}],"about":[{"href":"https:\/\/schlagzeughaus.ch\/index.php?rest_route=\/wp\/v2\/types\/page"}],"author":[{"embeddable":true,"href":"https:\/\/schlagzeughaus.ch\/index.php?rest_route=\/wp\/v2\/users\/1"}],"replies":[{"embeddable":true,"href":"https:\/\/schlagzeughaus.ch\/index.php?rest_route=%2Fwp%2Fv2%2Fcomments&post=57"}],"version-history":[{"count":1,"href":"https:\/\/schlagzeughaus.ch\/index.php?rest_route=\/wp\/v2\/pages\/57\/revisions"}],"predecessor-version":[{"id":58,"href":"https:\/\/schlagzeughaus.ch\/index.php?rest_route=\/wp\/v2\/pages\/57\/revisions\/58"}],"up":[{"embeddable":true,"href":"https:\/\/schlagzeughaus.ch\/index.php?rest_route=\/wp\/v2\/pages\/73"}],"wp:attachment":[{"href":"https:\/\/schlagzeughaus.ch\/index.php?rest_route=%2Fwp%2Fv2%2Fmedia&parent=57"}],"curies":[{"name":"wp","href":"https:\/\/api.w.org\/{rel}","templated":true}]}}