{"id":53,"date":"2014-08-04T16:06:58","date_gmt":"2014-08-04T14:06:58","guid":{"rendered":"http:\/\/schlagzeughaus.ch\/wordpress\/?page_id=53"},"modified":"2014-08-05T10:23:45","modified_gmt":"2014-08-05T08:23:45","slug":"xylaphon-2","status":"publish","type":"page","link":"https:\/\/schlagzeughaus.ch\/?page_id=53","title":{"rendered":"Xylophon"},"content":{"rendered":"<p style=\"color: #000000;\">Der Ursprung des Xylophons ist in Ostasien, Indonesien und Afrika nachgewiesen. Das Instrument kam im 15.\/16. Jahrhundert \u00fcber S\u00fcdosten nach Europa. In seiner einfacheren Form bestand das Instrument aus drei oder vier trapezf\u00f6rmig angeordneten Stabreihen und wurde mit zwei l\u00f6ffelartig geformten Schl\u00e4geln aus dem gleichen Material (Palisander, Jacaranda, Rosenholz) gespielt. Im Orchester hat sich seit Anfang des letzten Jahrhunderts mehr und mehr das zweireihige, klaviaturm\u00e4ssig angeordnete Instrument durchgesetzt, das mit Resonatoren versehen einen volleren Klang produziert.<\/p>\n<p style=\"color: #000000;\">Quelle: Handbuch der Musikinstrumentenkunde von Erich Valentin<\/p>\n","protected":false},"excerpt":{"rendered":"<p>Der Ursprung des Xylophons ist in Ostasien, Indonesien und Afrika nachgewiesen. Das Instrument kam im 15.\/16. Jahrhundert \u00fcber S\u00fcdosten nach Europa. In seiner einfacheren Form bestand das Instrument aus drei oder vier trapezf\u00f6rmig angeordneten Stabreihen und wurde mit zwei l\u00f6ffelartig geformten Schl\u00e4geln aus dem gleichen Material (Palisander, Jacaranda, Rosenholz) gespielt. Im Orchester hat sich seit [&hellip;]<\/p>\n","protected":false},"author":1,"featured_media":0,"parent":73,"menu_order":10,"comment_status":"closed","ping_status":"closed","template":"","meta":{"ngg_post_thumbnail":0,"footnotes":""},"class_list":["post-53","page","type-page","status-publish","hentry"],"_links":{"self":[{"href":"https:\/\/schlagzeughaus.ch\/index.php?rest_route=\/wp\/v2\/pages\/53","targetHints":{"allow":["GET"]}}],"collection":[{"href":"https:\/\/schlagzeughaus.ch\/index.php?rest_route=\/wp\/v2\/pages"}],"about":[{"href":"https:\/\/schlagzeughaus.ch\/index.php?rest_route=\/wp\/v2\/types\/page"}],"author":[{"embeddable":true,"href":"https:\/\/schlagzeughaus.ch\/index.php?rest_route=\/wp\/v2\/users\/1"}],"replies":[{"embeddable":true,"href":"https:\/\/schlagzeughaus.ch\/index.php?rest_route=%2Fwp%2Fv2%2Fcomments&post=53"}],"version-history":[{"count":2,"href":"https:\/\/schlagzeughaus.ch\/index.php?rest_route=\/wp\/v2\/pages\/53\/revisions"}],"predecessor-version":[{"id":127,"href":"https:\/\/schlagzeughaus.ch\/index.php?rest_route=\/wp\/v2\/pages\/53\/revisions\/127"}],"up":[{"embeddable":true,"href":"https:\/\/schlagzeughaus.ch\/index.php?rest_route=\/wp\/v2\/pages\/73"}],"wp:attachment":[{"href":"https:\/\/schlagzeughaus.ch\/index.php?rest_route=%2Fwp%2Fv2%2Fmedia&parent=53"}],"curies":[{"name":"wp","href":"https:\/\/api.w.org\/{rel}","templated":true}]}}