{"id":27,"date":"2014-07-31T13:50:07","date_gmt":"2014-07-31T11:50:07","guid":{"rendered":"http:\/\/schlagzeughaus.ch\/wordpress\/?page_id=27"},"modified":"2015-10-09T13:43:04","modified_gmt":"2015-10-09T11:43:04","slug":"herzlich-willkommen-2","status":"publish","type":"page","link":"https:\/\/schlagzeughaus.ch\/","title":{"rendered":"Herzlich Willkommen"},"content":{"rendered":"<p>auf der Homepage des\u00a0Schlagz\u00fcghuus Eggenberger, dem Fachgesch\u00e4ft f\u00fcr:<\/p>\n<p>&#8211; Schlaginstrumente<br \/>\n&#8211; Zubeh\u00f6r<br \/>\n&#8211; Musikalien<br \/>\n&#8211; DVD\u2019s<br \/>\n&#8211; Geschenkartikel<\/p>\n<p><a href=\"https:\/\/schlagzeughaus.ch\/?page_id=86\"><strong><span style=\"color: #ff0000;\">Hier gehts zum Online Shop<\/span><\/strong><\/a><\/p>\n","protected":false},"excerpt":{"rendered":"<p>auf der Homepage des\u00a0Schlagz\u00fcghuus Eggenberger, dem Fachgesch\u00e4ft f\u00fcr: &#8211; Schlaginstrumente &#8211; Zubeh\u00f6r &#8211; Musikalien &#8211; DVD\u2019s &#8211; Geschenkartikel Hier gehts zum Online Shop<\/p>\n","protected":false},"author":1,"featured_media":0,"parent":0,"menu_order":0,"comment_status":"closed","ping_status":"closed","template":"","meta":{"ngg_post_thumbnail":0,"footnotes":""},"class_list":["post-27","page","type-page","status-publish","hentry"],"_links":{"self":[{"href":"https:\/\/schlagzeughaus.ch\/index.php?rest_route=\/wp\/v2\/pages\/27","targetHints":{"allow":["GET"]}}],"collection":[{"href":"https:\/\/schlagzeughaus.ch\/index.php?rest_route=\/wp\/v2\/pages"}],"about":[{"href":"https:\/\/schlagzeughaus.ch\/index.php?rest_route=\/wp\/v2\/types\/page"}],"author":[{"embeddable":true,"href":"https:\/\/schlagzeughaus.ch\/index.php?rest_route=\/wp\/v2\/users\/1"}],"replies":[{"embeddable":true,"href":"https:\/\/schlagzeughaus.ch\/index.php?rest_route=%2Fwp%2Fv2%2Fcomments&post=27"}],"version-history":[{"count":12,"href":"https:\/\/schlagzeughaus.ch\/index.php?rest_route=\/wp\/v2\/pages\/27\/revisions"}],"predecessor-version":[{"id":155,"href":"https:\/\/schlagzeughaus.ch\/index.php?rest_route=\/wp\/v2\/pages\/27\/revisions\/155"}],"wp:attachment":[{"href":"https:\/\/schlagzeughaus.ch\/index.php?rest_route=%2Fwp%2Fv2%2Fmedia&parent=27"}],"curies":[{"name":"wp","href":"https:\/\/api.w.org\/{rel}","templated":true}]}}